{"id":20,"date":"2022-03-24T23:19:06","date_gmt":"2022-03-24T22:19:06","guid":{"rendered":"http:\/\/jacquelineponte.com\/?page_id=20"},"modified":"2023-03-14T17:08:09","modified_gmt":"2023-03-14T16:08:09","slug":"a-propos","status":"publish","type":"page","link":"https:\/\/jacquelineponte.com\/index.php\/a-propos\/","title":{"rendered":"A propos"},"content":{"rendered":"\n<p>Ma peinture rel\u00e8ve d\u2019une exp\u00e9rience : exp\u00e9rience de la marche, picturale et spirituelle. Elle r\u00e9sulte de recherches explor\u00e9es en montagne ou \u00e0 travers des voyages, au plus pr\u00e8s de la nature. Ce travail est n\u00e9 d\u2019une prise de conscience de l\u2019instant pr\u00e9sent. Il est en lien avec la recherche d\u2019une qualit\u00e9 de relation \u00e0 soi-m\u00eame et aux autres, la recherche d\u2019un sens. Ce cheminement a pris naissance et se poursuit en montagne. Il est source d\u2019inspiration. L\u2019\u00e9motion et l\u2019intensit\u00e9 de l\u2019instant me conduisent et me guident.<\/p>\n\n\n\n<p>Mes sujets s\u2019associent \u00e0 des moments v\u00e9cus, que je capte et cherche \u00e0 restituer. Au del\u00e0 d\u2019une certaine mat\u00e9rialit\u00e9, ce qui m\u2019int\u00e9resse, c\u2019est le spirituel.<\/p>\n\n\n\n<p>A travers mes tableaux, j\u2019ai envie de partager une vision \u00e9pur\u00e9e de la nature. Dans une volont\u00e9 de ne retenir que l\u2019essentiel, je tente de rendre sur la toile cette force, ce c\u00f4t\u00e9 \u00e9trange que la nature nous offre. Je travaille les contrastes, tout en recherchant la nuance, l\u2019interm\u00e9diaire, une certaine harmonie o\u00f9 chacun viendra se retrouver avec sa propre sensibilit\u00e9.<\/p>\n\n\n\n<figure class=\"wp-block-video\"><video controls src=\"http:\/\/jacquelineponte.com\/wp-content\/uploads\/2023\/03\/JMomeinPonte-itinerance-copyright.mp4\"><\/video><\/figure>\n","protected":false},"excerpt":{"rendered":"<p>Ma peinture rel\u00e8ve d\u2019une exp\u00e9rience : exp\u00e9rience de la marche, picturale et spirituelle. Elle r\u00e9sulte de recherches explor\u00e9es en montagne ou \u00e0 travers des voyages, au plus pr\u00e8s de la nature. Ce travail est n\u00e9 d\u2019une prise de conscience de l\u2019instant pr\u00e9sent. Il est en lien avec la recherche d\u2019une qualit\u00e9 de relation \u00e0 soi-m\u00eame [&hellip;]<\/p>\n","protected":false},"author":1,"featured_media":0,"parent":0,"menu_order":0,"comment_status":"closed","ping_status":"closed","template":"","meta":{"spay_email":"","footnotes":""},"yoast_head":"<!-- This site is optimized with the Yoast SEO plugin v18.4.1 - https:\/\/yoast.com\/wordpress\/plugins\/seo\/ -->\n<title>A propos - Jacqueline<\/title>\n<meta name=\"description\" content=\"Ma peinture d\u00e9crit des exp\u00e9riences de vie : entre balade en montagne et questionnements spirituels. C&#039;est le r\u00e9sultat de mes recherches et voyages en montagne.\" \/>\n<meta name=\"robots\" content=\"index, follow, max-snippet:-1, max-image-preview:large, max-video-preview:-1\" \/>\n<link rel=\"canonical\" href=\"https:\/\/jacquelineponte.com\/index.php\/a-propos\/\" \/>\n<meta property=\"og:locale\" content=\"fr_FR\" \/>\n<meta property=\"og:type\" content=\"article\" \/>\n<meta property=\"og:title\" content=\"A propos - Jacqueline\" \/>\n<meta property=\"og:description\" content=\"Ma peinture d\u00e9crit des exp\u00e9riences de vie : entre balade en montagne et questionnements spirituels. C&#039;est le r\u00e9sultat de mes recherches et voyages en montagne.\" \/>\n<meta property=\"og:url\" content=\"https:\/\/jacquelineponte.com\/index.php\/a-propos\/\" \/>\n<meta property=\"og:site_name\" content=\"Jacqueline\" \/>\n<meta property=\"article:modified_time\" content=\"2023-03-14T16:08:09+00:00\" \/>\n<meta name=\"twitter:card\" content=\"summary_large_image\" \/>\n<meta name=\"twitter:label1\" content=\"Dur\u00e9e de lecture estim\u00e9e\" \/>\n\t<meta name=\"twitter:data1\" content=\"1 minute\" \/>\n<script type=\"application\/ld+json\" class=\"yoast-schema-graph\">{\"@context\":\"https:\/\/schema.org\",\"@graph\":[{\"@type\":\"WebSite\",\"@id\":\"https:\/\/jacquelineponte.com\/#website\",\"url\":\"https:\/\/jacquelineponte.com\/\",\"name\":\"Jacqueline\",\"description\":\"\",\"potentialAction\":[{\"@type\":\"SearchAction\",\"target\":{\"@type\":\"EntryPoint\",\"urlTemplate\":\"https:\/\/jacquelineponte.com\/?s={search_term_string}\"},\"query-input\":\"required name=search_term_string\"}],\"inLanguage\":\"fr-FR\"},{\"@type\":\"WebPage\",\"@id\":\"https:\/\/jacquelineponte.com\/index.php\/a-propos\/#webpage\",\"url\":\"https:\/\/jacquelineponte.com\/index.php\/a-propos\/\",\"name\":\"A propos - Jacqueline\",\"isPartOf\":{\"@id\":\"https:\/\/jacquelineponte.com\/#website\"},\"datePublished\":\"2022-03-24T22:19:06+00:00\",\"dateModified\":\"2023-03-14T16:08:09+00:00\",\"description\":\"Ma peinture d\u00e9crit des exp\u00e9riences de vie : entre balade en montagne et questionnements spirituels. C'est le r\u00e9sultat de mes recherches et voyages en montagne.\",\"breadcrumb\":{\"@id\":\"https:\/\/jacquelineponte.com\/index.php\/a-propos\/#breadcrumb\"},\"inLanguage\":\"fr-FR\",\"potentialAction\":[{\"@type\":\"ReadAction\",\"target\":[\"https:\/\/jacquelineponte.com\/index.php\/a-propos\/\"]}]},{\"@type\":\"BreadcrumbList\",\"@id\":\"https:\/\/jacquelineponte.com\/index.php\/a-propos\/#breadcrumb\",\"itemListElement\":[{\"@type\":\"ListItem\",\"position\":1,\"name\":\"Accueil\",\"item\":\"https:\/\/jacquelineponte.com\/\"},{\"@type\":\"ListItem\",\"position\":2,\"name\":\"A propos\"}]}]}<\/script>\n<!-- \/ Yoast SEO plugin. -->","yoast_head_json":{"title":"A propos - Jacqueline","description":"Ma peinture d\u00e9crit des exp\u00e9riences de vie : entre balade en montagne et questionnements spirituels. C'est le r\u00e9sultat de mes recherches et voyages en montagne.","robots":{"index":"index","follow":"follow","max-snippet":"max-snippet:-1","max-image-preview":"max-image-preview:large","max-video-preview":"max-video-preview:-1"},"canonical":"https:\/\/jacquelineponte.com\/index.php\/a-propos\/","og_locale":"fr_FR","og_type":"article","og_title":"A propos - Jacqueline","og_description":"Ma peinture d\u00e9crit des exp\u00e9riences de vie : entre balade en montagne et questionnements spirituels. C'est le r\u00e9sultat de mes recherches et voyages en montagne.","og_url":"https:\/\/jacquelineponte.com\/index.php\/a-propos\/","og_site_name":"Jacqueline","article_modified_time":"2023-03-14T16:08:09+00:00","twitter_card":"summary_large_image","twitter_misc":{"Dur\u00e9e de lecture estim\u00e9e":"1 minute"},"schema":{"@context":"https:\/\/schema.org","@graph":[{"@type":"WebSite","@id":"https:\/\/jacquelineponte.com\/#website","url":"https:\/\/jacquelineponte.com\/","name":"Jacqueline","description":"","potentialAction":[{"@type":"SearchAction","target":{"@type":"EntryPoint","urlTemplate":"https:\/\/jacquelineponte.com\/?s={search_term_string}"},"query-input":"required name=search_term_string"}],"inLanguage":"fr-FR"},{"@type":"WebPage","@id":"https:\/\/jacquelineponte.com\/index.php\/a-propos\/#webpage","url":"https:\/\/jacquelineponte.com\/index.php\/a-propos\/","name":"A propos - Jacqueline","isPartOf":{"@id":"https:\/\/jacquelineponte.com\/#website"},"datePublished":"2022-03-24T22:19:06+00:00","dateModified":"2023-03-14T16:08:09+00:00","description":"Ma peinture d\u00e9crit des exp\u00e9riences de vie : entre balade en montagne et questionnements spirituels. C'est le r\u00e9sultat de mes recherches et voyages en montagne.","breadcrumb":{"@id":"https:\/\/jacquelineponte.com\/index.php\/a-propos\/#breadcrumb"},"inLanguage":"fr-FR","potentialAction":[{"@type":"ReadAction","target":["https:\/\/jacquelineponte.com\/index.php\/a-propos\/"]}]},{"@type":"BreadcrumbList","@id":"https:\/\/jacquelineponte.com\/index.php\/a-propos\/#breadcrumb","itemListElement":[{"@type":"ListItem","position":1,"name":"Accueil","item":"https:\/\/jacquelineponte.com\/"},{"@type":"ListItem","position":2,"name":"A propos"}]}]}},"jetpack-related-posts":[{"id":52,"url":"https:\/\/jacquelineponte.com\/","url_meta":{"origin":20,"position":0},"title":"Accueil","date":"4 octobre 2022","format":false,"excerpt":"La Nature est la Source. elle vibre en nous. \u00ab\u00a0Qu\u2019importe l\u2019issue du chemin, quand seul compte le chemin parcouru.\u00a0\u00bb David le Breton, Eloge de la marche Ma peinture s'associe \u00e0 des moments v\u00e9cus en montagne ou en voyage. A travers ma cr\u00e9ation, j'ai la volont\u00e9 d'aller au del\u00e0 d'une certaine\u2026","rel":"","context":"Article similaire","img":{"alt_text":"","src":"https:\/\/i0.wp.com\/jacquelineponte.com\/wp-content\/uploads\/2023\/01\/J-Ponte-2020-lignedecrete2-techniquesmixtessurtoile-100x50-copyright.jpg?resize=350%2C200&ssl=1","width":350,"height":200},"classes":[]},{"id":219,"url":"https:\/\/jacquelineponte.com\/index.php\/actualite\/","url_meta":{"origin":20,"position":1},"title":"Actualit\u00e9","date":"6 juin 2023","format":false,"excerpt":"Je suis heureuse de participer \u00e0 cette exposition collective regroupant 17 artistes AU SOMMET DE L'ART du 24.03 au 24.05.2025 M\u00e9diath\u00e8que de Sallanches - 74 Aux horaires d\u2019ouverture de la m\u00e9diath\u00e8que Entr\u00e9e libre et gratuite Lundi : 16h30 > 18h45Mardi : 14h30 > 18h45Mercredi : 10h > 12h \/ 14h30\u2026","rel":"","context":"Article similaire","img":{"alt_text":"","src":"https:\/\/i0.wp.com\/jacquelineponte.com\/wp-content\/uploads\/2024\/02\/affiches-hiver-2024_21-page-001.jpg?resize=350%2C200&ssl=1","width":350,"height":200},"classes":[]},{"id":2,"url":"https:\/\/jacquelineponte.com\/index.php\/page-d-exemple\/","url_meta":{"origin":20,"position":2},"title":"Page d\u2019exemple","date":"24 mars 2022","format":false,"excerpt":"Ceci est une page d\u2019exemple. C\u2019est diff\u00e9rent d\u2019un article de blog parce qu\u2019elle restera au m\u00eame endroit et appara\u00eetra dans la navigation de votre site (dans la plupart des th\u00e8mes). La plupart des gens commencent par une page \u00ab\u00a0\u00c0 propos\u00a0\u00bb qui les pr\u00e9sente aux personnes visitant le site. Cela pourrait\u2026","rel":"","context":"Article similaire","img":{"alt_text":"","src":"","width":0,"height":0},"classes":[]}],"_links":{"self":[{"href":"https:\/\/jacquelineponte.com\/index.php\/wp-json\/wp\/v2\/pages\/20"}],"collection":[{"href":"https:\/\/jacquelineponte.com\/index.php\/wp-json\/wp\/v2\/pages"}],"about":[{"href":"https:\/\/jacquelineponte.com\/index.php\/wp-json\/wp\/v2\/types\/page"}],"author":[{"embeddable":true,"href":"https:\/\/jacquelineponte.com\/index.php\/wp-json\/wp\/v2\/users\/1"}],"replies":[{"embeddable":true,"href":"https:\/\/jacquelineponte.com\/index.php\/wp-json\/wp\/v2\/comments?post=20"}],"version-history":[{"count":3,"href":"https:\/\/jacquelineponte.com\/index.php\/wp-json\/wp\/v2\/pages\/20\/revisions"}],"predecessor-version":[{"id":153,"href":"https:\/\/jacquelineponte.com\/index.php\/wp-json\/wp\/v2\/pages\/20\/revisions\/153"}],"wp:attachment":[{"href":"https:\/\/jacquelineponte.com\/index.php\/wp-json\/wp\/v2\/media?parent=20"}],"curies":[{"name":"wp","href":"https:\/\/api.w.org\/{rel}","templated":true}]}}