{"id":52,"date":"2022-10-04T11:40:36","date_gmt":"2022-10-04T09:40:36","guid":{"rendered":"http:\/\/jacquelineponte.com\/?page_id=52"},"modified":"2024-12-03T21:23:39","modified_gmt":"2024-12-03T20:23:39","slug":"a-propos-2","status":"publish","type":"page","link":"https:\/\/jacquelineponte.com\/","title":{"rendered":"Accueil"},"content":{"rendered":"\n<figure data-carousel-extra='{\"blog_id\":1,\"permalink\":\"https:\\\/\\\/jacquelineponte.com\\\/\"}'   class=\"wp-block-gallery has-nested-images columns-default is-cropped wp-block-gallery-1 is-layout-flex wp-block-gallery-is-layout-flex\">\n<figure class=\"wp-block-image size-full\"><img loading=\"lazy\" decoding=\"async\" width=\"500\" height=\"246\" data-attachment-id=\"77\" data-permalink=\"https:\/\/jacquelineponte.com\/index.php\/a-propos-2\/j-ponte-2020-lignedecrete2-techniquesmixtessurtoile-100x50-copyright-2\/\" data-orig-file=\"https:\/\/i0.wp.com\/jacquelineponte.com\/wp-content\/uploads\/2023\/01\/J-Ponte-2020-lignedecrete2-techniquesmixtessurtoile-100x50-copyright.jpg?fit=500%2C246&amp;ssl=1\" data-orig-size=\"500,246\" data-comments-opened=\"1\" data-image-meta=\"{&quot;aperture&quot;:&quot;1.8&quot;,&quot;credit&quot;:&quot;&quot;,&quot;camera&quot;:&quot;iPhone 8&quot;,&quot;caption&quot;:&quot;&quot;,&quot;created_timestamp&quot;:&quot;1580049739&quot;,&quot;copyright&quot;:&quot;&quot;,&quot;focal_length&quot;:&quot;3.99&quot;,&quot;iso&quot;:&quot;50&quot;,&quot;shutter_speed&quot;:&quot;0.066666666666667&quot;,&quot;title&quot;:&quot;&quot;,&quot;orientation&quot;:&quot;1&quot;}\" data-image-title=\"Ligne de crete #2-2  techniques mixtes sur toile 100&#215;50\" data-image-description=\"&lt;p&gt;Jacqueline Momein Ponte copyright&lt;\/p&gt;\n\" data-image-caption=\"\" data-medium-file=\"https:\/\/i0.wp.com\/jacquelineponte.com\/wp-content\/uploads\/2023\/01\/J-Ponte-2020-lignedecrete2-techniquesmixtessurtoile-100x50-copyright.jpg?fit=300%2C148&amp;ssl=1\" data-large-file=\"https:\/\/i0.wp.com\/jacquelineponte.com\/wp-content\/uploads\/2023\/01\/J-Ponte-2020-lignedecrete2-techniquesmixtessurtoile-100x50-copyright.jpg?fit=500%2C246&amp;ssl=1\" data-id=\"77\" src=\"https:\/\/i0.wp.com\/jacquelineponte.com\/wp-content\/uploads\/2023\/01\/J-Ponte-2020-lignedecrete2-techniquesmixtessurtoile-100x50-copyright.jpg?resize=500%2C246\" alt=\"\" class=\"wp-image-77\" srcset=\"https:\/\/i0.wp.com\/jacquelineponte.com\/wp-content\/uploads\/2023\/01\/J-Ponte-2020-lignedecrete2-techniquesmixtessurtoile-100x50-copyright.jpg?w=500&amp;ssl=1 500w, https:\/\/i0.wp.com\/jacquelineponte.com\/wp-content\/uploads\/2023\/01\/J-Ponte-2020-lignedecrete2-techniquesmixtessurtoile-100x50-copyright.jpg?resize=300%2C148&amp;ssl=1 300w, https:\/\/i0.wp.com\/jacquelineponte.com\/wp-content\/uploads\/2023\/01\/J-Ponte-2020-lignedecrete2-techniquesmixtessurtoile-100x50-copyright.jpg?resize=220%2C108&amp;ssl=1 220w\" sizes=\"(max-width: 500px) 100vw, 500px\" data-recalc-dims=\"1\" \/><\/figure>\n<\/figure>\n\n\n\n<p class=\"has-small-font-size\"><strong>La Nature est la Source.  elle vibre en nous.<\/strong><\/p>\n\n\n\n<blockquote class=\"wp-block-quote has-small-font-size is-layout-flow wp-block-quote-is-layout-flow\">\n<p class=\"has-small-font-size\"><em>\u00ab&nbsp;Qu\u2019importe l\u2019issue du chemin, quand seul compte le chemin parcouru.&nbsp;\u00bb<\/em><\/p>\n<cite><em>David le Breton, Eloge de la marche<\/em><\/cite><\/blockquote>\n\n\n\n<p>Ma peinture s&rsquo;associe \u00e0 des moments v\u00e9cus en montagne ou en voyage. A travers ma cr\u00e9ation, j&rsquo;ai la volont\u00e9 d&rsquo;aller au del\u00e0 d&rsquo;une certaine r\u00e9alit\u00e9, d&rsquo;aller \u00e0 l&rsquo;essentiel, d&rsquo;extraire les fondamentaux, la beaut\u00e9 de la nature, la relation, l&rsquo;humain.<\/p>\n\n\n\n<div data-carousel-extra='{\"blog_id\":1,\"permalink\":\"https:\\\/\\\/jacquelineponte.com\\\/\"}' class=\"wp-block-group is-nowrap is-layout-flex wp-container-core-group-is-layout-1 wp-block-group-is-layout-flex\">\n<figure class=\"wp-block-image size-large is-resized\"><a href=\"https:\/\/www.facebook.com\/pontejacqueline\/\" target=\"_blank\" rel=\"noreferrer noopener\"><img loading=\"lazy\" decoding=\"async\" width=\"880\" height=\"880\" data-attachment-id=\"155\" data-permalink=\"https:\/\/jacquelineponte.com\/index.php\/a-propos-2\/icone-facebook-blanc\/\" data-orig-file=\"https:\/\/i0.wp.com\/jacquelineponte.com\/wp-content\/uploads\/2023\/03\/icone-facebook-blanc.png?fit=1038%2C1038&amp;ssl=1\" data-orig-size=\"1038,1038\" data-comments-opened=\"0\" data-image-meta=\"{&quot;aperture&quot;:&quot;0&quot;,&quot;credit&quot;:&quot;&quot;,&quot;camera&quot;:&quot;&quot;,&quot;caption&quot;:&quot;&quot;,&quot;created_timestamp&quot;:&quot;0&quot;,&quot;copyright&quot;:&quot;&quot;,&quot;focal_length&quot;:&quot;0&quot;,&quot;iso&quot;:&quot;0&quot;,&quot;shutter_speed&quot;:&quot;0&quot;,&quot;title&quot;:&quot;&quot;,&quot;orientation&quot;:&quot;0&quot;}\" data-image-title=\"icone-facebook-blanc\" data-image-description=\"\" data-image-caption=\"\" data-medium-file=\"https:\/\/i0.wp.com\/jacquelineponte.com\/wp-content\/uploads\/2023\/03\/icone-facebook-blanc.png?fit=300%2C300&amp;ssl=1\" data-large-file=\"https:\/\/i0.wp.com\/jacquelineponte.com\/wp-content\/uploads\/2023\/03\/icone-facebook-blanc.png?fit=880%2C880&amp;ssl=1\" src=\"https:\/\/i0.wp.com\/jacquelineponte.com\/wp-content\/uploads\/2023\/03\/icone-facebook-blanc.png?resize=880%2C880\" alt=\"\" class=\"wp-image-155\" style=\"width:51px;height:51px\" srcset=\"https:\/\/i0.wp.com\/jacquelineponte.com\/wp-content\/uploads\/2023\/03\/icone-facebook-blanc.png?resize=1024%2C1024&amp;ssl=1 1024w, https:\/\/i0.wp.com\/jacquelineponte.com\/wp-content\/uploads\/2023\/03\/icone-facebook-blanc.png?resize=300%2C300&amp;ssl=1 300w, https:\/\/i0.wp.com\/jacquelineponte.com\/wp-content\/uploads\/2023\/03\/icone-facebook-blanc.png?resize=150%2C150&amp;ssl=1 150w, https:\/\/i0.wp.com\/jacquelineponte.com\/wp-content\/uploads\/2023\/03\/icone-facebook-blanc.png?resize=768%2C768&amp;ssl=1 768w, https:\/\/i0.wp.com\/jacquelineponte.com\/wp-content\/uploads\/2023\/03\/icone-facebook-blanc.png?resize=880%2C880&amp;ssl=1 880w, https:\/\/i0.wp.com\/jacquelineponte.com\/wp-content\/uploads\/2023\/03\/icone-facebook-blanc.png?resize=220%2C220&amp;ssl=1 220w, https:\/\/i0.wp.com\/jacquelineponte.com\/wp-content\/uploads\/2023\/03\/icone-facebook-blanc.png?resize=50%2C50&amp;ssl=1 50w, https:\/\/i0.wp.com\/jacquelineponte.com\/wp-content\/uploads\/2023\/03\/icone-facebook-blanc.png?w=1038&amp;ssl=1 1038w\" sizes=\"(max-width: 880px) 100vw, 880px\" data-recalc-dims=\"1\" \/><\/a><\/figure>\n\n\n\n<figure class=\"wp-block-image size-full is-resized\"><a href=\"https:\/\/www.instagram.com\/jacquelinemomeinponte\/\" target=\"_blank\" rel=\"noreferrer noopener\"><img loading=\"lazy\" decoding=\"async\" width=\"512\" height=\"512\" data-attachment-id=\"214\" data-permalink=\"https:\/\/jacquelineponte.com\/index.php\/a-propos-2\/attachment\/87390\/\" data-orig-file=\"https:\/\/i0.wp.com\/jacquelineponte.com\/wp-content\/uploads\/2023\/06\/87390.png?fit=512%2C512&amp;ssl=1\" data-orig-size=\"512,512\" data-comments-opened=\"0\" data-image-meta=\"{&quot;aperture&quot;:&quot;0&quot;,&quot;credit&quot;:&quot;&quot;,&quot;camera&quot;:&quot;&quot;,&quot;caption&quot;:&quot;&quot;,&quot;created_timestamp&quot;:&quot;0&quot;,&quot;copyright&quot;:&quot;&quot;,&quot;focal_length&quot;:&quot;0&quot;,&quot;iso&quot;:&quot;0&quot;,&quot;shutter_speed&quot;:&quot;0&quot;,&quot;title&quot;:&quot;&quot;,&quot;orientation&quot;:&quot;0&quot;}\" data-image-title=\"87390\" data-image-description=\"\" data-image-caption=\"\" data-medium-file=\"https:\/\/i0.wp.com\/jacquelineponte.com\/wp-content\/uploads\/2023\/06\/87390.png?fit=300%2C300&amp;ssl=1\" data-large-file=\"https:\/\/i0.wp.com\/jacquelineponte.com\/wp-content\/uploads\/2023\/06\/87390.png?fit=512%2C512&amp;ssl=1\" src=\"https:\/\/i0.wp.com\/jacquelineponte.com\/wp-content\/uploads\/2023\/06\/87390.png?resize=512%2C512&#038;ssl=1\" alt=\"\" class=\"wp-image-214\" style=\"width:50px;height:50px\" srcset=\"https:\/\/i0.wp.com\/jacquelineponte.com\/wp-content\/uploads\/2023\/06\/87390.png?w=512&amp;ssl=1 512w, https:\/\/i0.wp.com\/jacquelineponte.com\/wp-content\/uploads\/2023\/06\/87390.png?resize=300%2C300&amp;ssl=1 300w, https:\/\/i0.wp.com\/jacquelineponte.com\/wp-content\/uploads\/2023\/06\/87390.png?resize=150%2C150&amp;ssl=1 150w, https:\/\/i0.wp.com\/jacquelineponte.com\/wp-content\/uploads\/2023\/06\/87390.png?resize=220%2C220&amp;ssl=1 220w, https:\/\/i0.wp.com\/jacquelineponte.com\/wp-content\/uploads\/2023\/06\/87390.png?resize=50%2C50&amp;ssl=1 50w\" sizes=\"(max-width: 512px) 100vw, 512px\" data-recalc-dims=\"1\" \/><\/a><\/figure>\n<\/div>\n","protected":false},"excerpt":{"rendered":"<p>La Nature est la Source. elle vibre en nous. \u00ab&nbsp;Qu\u2019importe l\u2019issue du chemin, quand seul compte le chemin parcouru.&nbsp;\u00bb David le Breton, Eloge de la marche Ma peinture s&rsquo;associe \u00e0 des moments v\u00e9cus en montagne ou en voyage. A travers ma cr\u00e9ation, j&rsquo;ai la volont\u00e9 d&rsquo;aller au del\u00e0 d&rsquo;une certaine r\u00e9alit\u00e9, d&rsquo;aller \u00e0 l&rsquo;essentiel, d&rsquo;extraire [&hellip;]<\/p>\n","protected":false},"author":1,"featured_media":0,"parent":0,"menu_order":0,"comment_status":"closed","ping_status":"closed","template":"","meta":{"spay_email":"","footnotes":""},"yoast_head":"<!-- This site is optimized with the Yoast SEO plugin v18.4.1 - https:\/\/yoast.com\/wordpress\/plugins\/seo\/ -->\n<title>Accueil - Jacqueline<\/title>\n<meta name=\"robots\" content=\"index, follow, max-snippet:-1, max-image-preview:large, max-video-preview:-1\" \/>\n<link rel=\"canonical\" href=\"https:\/\/jacquelineponte.com\/\" \/>\n<meta property=\"og:locale\" content=\"fr_FR\" \/>\n<meta property=\"og:type\" content=\"article\" \/>\n<meta property=\"og:title\" content=\"Accueil - Jacqueline\" \/>\n<meta property=\"og:description\" content=\"La Nature est la Source. elle vibre en nous. \u00ab&nbsp;Qu\u2019importe l\u2019issue du chemin, quand seul compte le chemin parcouru.&nbsp;\u00bb David le Breton, Eloge de la marche Ma peinture s&rsquo;associe \u00e0 des moments v\u00e9cus en montagne ou en voyage. A travers ma cr\u00e9ation, j&rsquo;ai la volont\u00e9 d&rsquo;aller au del\u00e0 d&rsquo;une certaine r\u00e9alit\u00e9, d&rsquo;aller \u00e0 l&rsquo;essentiel, d&rsquo;extraire [&hellip;]\" \/>\n<meta property=\"og:url\" content=\"https:\/\/jacquelineponte.com\/\" \/>\n<meta property=\"og:site_name\" content=\"Jacqueline\" \/>\n<meta property=\"article:modified_time\" content=\"2024-12-03T20:23:39+00:00\" \/>\n<meta property=\"og:image\" content=\"http:\/\/jacquelineponte.com\/wp-content\/uploads\/2023\/01\/J-Ponte-2020-lignedecrete2-techniquesmixtessurtoile-100x50-copyright.jpg\" \/>\n<meta name=\"twitter:card\" content=\"summary_large_image\" \/>\n<meta name=\"twitter:label1\" content=\"Dur\u00e9e de lecture estim\u00e9e\" \/>\n\t<meta name=\"twitter:data1\" content=\"1 minute\" \/>\n<script type=\"application\/ld+json\" class=\"yoast-schema-graph\">{\"@context\":\"https:\/\/schema.org\",\"@graph\":[{\"@type\":\"WebSite\",\"@id\":\"https:\/\/jacquelineponte.com\/#website\",\"url\":\"https:\/\/jacquelineponte.com\/\",\"name\":\"Jacqueline\",\"description\":\"\",\"potentialAction\":[{\"@type\":\"SearchAction\",\"target\":{\"@type\":\"EntryPoint\",\"urlTemplate\":\"https:\/\/jacquelineponte.com\/?s={search_term_string}\"},\"query-input\":\"required name=search_term_string\"}],\"inLanguage\":\"fr-FR\"},{\"@type\":\"ImageObject\",\"@id\":\"https:\/\/jacquelineponte.com\/#primaryimage\",\"inLanguage\":\"fr-FR\",\"url\":\"https:\/\/i0.wp.com\/jacquelineponte.com\/wp-content\/uploads\/2023\/01\/J-Ponte-2020-lignedecrete2-techniquesmixtessurtoile-100x50-copyright.jpg?fit=500%2C246&ssl=1\",\"contentUrl\":\"https:\/\/i0.wp.com\/jacquelineponte.com\/wp-content\/uploads\/2023\/01\/J-Ponte-2020-lignedecrete2-techniquesmixtessurtoile-100x50-copyright.jpg?fit=500%2C246&ssl=1\",\"width\":500,\"height\":246},{\"@type\":\"WebPage\",\"@id\":\"https:\/\/jacquelineponte.com\/#webpage\",\"url\":\"https:\/\/jacquelineponte.com\/\",\"name\":\"Accueil - Jacqueline\",\"isPartOf\":{\"@id\":\"https:\/\/jacquelineponte.com\/#website\"},\"primaryImageOfPage\":{\"@id\":\"https:\/\/jacquelineponte.com\/#primaryimage\"},\"datePublished\":\"2022-10-04T09:40:36+00:00\",\"dateModified\":\"2024-12-03T20:23:39+00:00\",\"breadcrumb\":{\"@id\":\"https:\/\/jacquelineponte.com\/#breadcrumb\"},\"inLanguage\":\"fr-FR\",\"potentialAction\":[{\"@type\":\"ReadAction\",\"target\":[\"https:\/\/jacquelineponte.com\/\"]}]},{\"@type\":\"BreadcrumbList\",\"@id\":\"https:\/\/jacquelineponte.com\/#breadcrumb\",\"itemListElement\":[{\"@type\":\"ListItem\",\"position\":1,\"name\":\"Accueil\",\"item\":\"https:\/\/jacquelineponte.com\/\"},{\"@type\":\"ListItem\",\"position\":2,\"name\":\"Accueil\"}]}]}<\/script>\n<!-- \/ Yoast SEO plugin. -->","yoast_head_json":{"title":"Accueil - Jacqueline","robots":{"index":"index","follow":"follow","max-snippet":"max-snippet:-1","max-image-preview":"max-image-preview:large","max-video-preview":"max-video-preview:-1"},"canonical":"https:\/\/jacquelineponte.com\/","og_locale":"fr_FR","og_type":"article","og_title":"Accueil - Jacqueline","og_description":"La Nature est la Source. elle vibre en nous. \u00ab&nbsp;Qu\u2019importe l\u2019issue du chemin, quand seul compte le chemin parcouru.&nbsp;\u00bb David le Breton, Eloge de la marche Ma peinture s&rsquo;associe \u00e0 des moments v\u00e9cus en montagne ou en voyage. A travers ma cr\u00e9ation, j&rsquo;ai la volont\u00e9 d&rsquo;aller au del\u00e0 d&rsquo;une certaine r\u00e9alit\u00e9, d&rsquo;aller \u00e0 l&rsquo;essentiel, d&rsquo;extraire [&hellip;]","og_url":"https:\/\/jacquelineponte.com\/","og_site_name":"Jacqueline","article_modified_time":"2024-12-03T20:23:39+00:00","og_image":[{"url":"http:\/\/jacquelineponte.com\/wp-content\/uploads\/2023\/01\/J-Ponte-2020-lignedecrete2-techniquesmixtessurtoile-100x50-copyright.jpg"}],"twitter_card":"summary_large_image","twitter_misc":{"Dur\u00e9e de lecture estim\u00e9e":"1 minute"},"schema":{"@context":"https:\/\/schema.org","@graph":[{"@type":"WebSite","@id":"https:\/\/jacquelineponte.com\/#website","url":"https:\/\/jacquelineponte.com\/","name":"Jacqueline","description":"","potentialAction":[{"@type":"SearchAction","target":{"@type":"EntryPoint","urlTemplate":"https:\/\/jacquelineponte.com\/?s={search_term_string}"},"query-input":"required name=search_term_string"}],"inLanguage":"fr-FR"},{"@type":"ImageObject","@id":"https:\/\/jacquelineponte.com\/#primaryimage","inLanguage":"fr-FR","url":"https:\/\/i0.wp.com\/jacquelineponte.com\/wp-content\/uploads\/2023\/01\/J-Ponte-2020-lignedecrete2-techniquesmixtessurtoile-100x50-copyright.jpg?fit=500%2C246&ssl=1","contentUrl":"https:\/\/i0.wp.com\/jacquelineponte.com\/wp-content\/uploads\/2023\/01\/J-Ponte-2020-lignedecrete2-techniquesmixtessurtoile-100x50-copyright.jpg?fit=500%2C246&ssl=1","width":500,"height":246},{"@type":"WebPage","@id":"https:\/\/jacquelineponte.com\/#webpage","url":"https:\/\/jacquelineponte.com\/","name":"Accueil - Jacqueline","isPartOf":{"@id":"https:\/\/jacquelineponte.com\/#website"},"primaryImageOfPage":{"@id":"https:\/\/jacquelineponte.com\/#primaryimage"},"datePublished":"2022-10-04T09:40:36+00:00","dateModified":"2024-12-03T20:23:39+00:00","breadcrumb":{"@id":"https:\/\/jacquelineponte.com\/#breadcrumb"},"inLanguage":"fr-FR","potentialAction":[{"@type":"ReadAction","target":["https:\/\/jacquelineponte.com\/"]}]},{"@type":"BreadcrumbList","@id":"https:\/\/jacquelineponte.com\/#breadcrumb","itemListElement":[{"@type":"ListItem","position":1,"name":"Accueil","item":"https:\/\/jacquelineponte.com\/"},{"@type":"ListItem","position":2,"name":"Accueil"}]}]}},"jetpack-related-posts":[{"id":20,"url":"https:\/\/jacquelineponte.com\/index.php\/a-propos\/","url_meta":{"origin":52,"position":0},"title":"A propos","date":"24 mars 2022","format":false,"excerpt":"Ma peinture rel\u00e8ve d\u2019une exp\u00e9rience : exp\u00e9rience de la marche, picturale et spirituelle. Elle r\u00e9sulte de recherches explor\u00e9es en montagne ou \u00e0 travers des voyages, au plus pr\u00e8s de la nature. Ce travail est n\u00e9 d\u2019une prise de conscience de l\u2019instant pr\u00e9sent. Il est en lien avec la recherche d\u2019une\u2026","rel":"","context":"Article similaire","img":{"alt_text":"","src":"","width":0,"height":0},"classes":[]}],"_links":{"self":[{"href":"https:\/\/jacquelineponte.com\/index.php\/wp-json\/wp\/v2\/pages\/52"}],"collection":[{"href":"https:\/\/jacquelineponte.com\/index.php\/wp-json\/wp\/v2\/pages"}],"about":[{"href":"https:\/\/jacquelineponte.com\/index.php\/wp-json\/wp\/v2\/types\/page"}],"author":[{"embeddable":true,"href":"https:\/\/jacquelineponte.com\/index.php\/wp-json\/wp\/v2\/users\/1"}],"replies":[{"embeddable":true,"href":"https:\/\/jacquelineponte.com\/index.php\/wp-json\/wp\/v2\/comments?post=52"}],"version-history":[{"count":24,"href":"https:\/\/jacquelineponte.com\/index.php\/wp-json\/wp\/v2\/pages\/52\/revisions"}],"predecessor-version":[{"id":525,"href":"https:\/\/jacquelineponte.com\/index.php\/wp-json\/wp\/v2\/pages\/52\/revisions\/525"}],"wp:attachment":[{"href":"https:\/\/jacquelineponte.com\/index.php\/wp-json\/wp\/v2\/media?parent=52"}],"curies":[{"name":"wp","href":"https:\/\/api.w.org\/{rel}","templated":true}]}}